{"id":69,"date":"2024-09-25T01:26:23","date_gmt":"2024-09-25T01:26:23","guid":{"rendered":"https:\/\/matthispralat.com\/?page_id=69"},"modified":"2024-09-25T01:26:23","modified_gmt":"2024-09-25T01:26:23","slug":"bnp-paribas-lexperience-bancaire-de-demain","status":"publish","type":"page","link":"https:\/\/matthispralat.com\/index.php\/bnp-paribas-lexperience-bancaire-de-demain\/","title":{"rendered":"BNP paribas &#8211; l&#8217;exp\u00e9rience bancaire de demain"},"content":{"rendered":"\n<p>Rendez-vous en 2022 pour incarner Lucie, une jeune femme enceinte vivant pleinement l\u2019exp\u00e9rience de la banque de demain\u00a0! Dans sa maison connect\u00e9e, elle g\u00e8re son compte en banque, contacte son conseiller en visioconf\u00e9rence et visite son futur appartement en r\u00e9alit\u00e9 virtuelle.\u00a0<\/p>\n","protected":false},"excerpt":{"rendered":"<p>Rendez-vous en 2022 pour incarner Lucie, une jeune femme enceinte vivant pleinement l\u2019exp\u00e9rience de la banque de demain\u00a0! Dans sa maison connect\u00e9e, elle g\u00e8re son compte en banque, contacte son conseiller en visioconf\u00e9rence et visite son futur appartement en r\u00e9alit\u00e9 virtuelle.\u00a0<\/p>\n","protected":false},"author":1,"featured_media":0,"parent":0,"menu_order":0,"comment_status":"closed","ping_status":"closed","template":"","meta":{"footnotes":""},"class_list":["post-69","page","type-page","status-publish","hentry"],"_links":{"self":[{"href":"https:\/\/matthispralat.com\/index.php\/wp-json\/wp\/v2\/pages\/69","targetHints":{"allow":["GET"]}}],"collection":[{"href":"https:\/\/matthispralat.com\/index.php\/wp-json\/wp\/v2\/pages"}],"about":[{"href":"https:\/\/matthispralat.com\/index.php\/wp-json\/wp\/v2\/types\/page"}],"author":[{"embeddable":true,"href":"https:\/\/matthispralat.com\/index.php\/wp-json\/wp\/v2\/users\/1"}],"replies":[{"embeddable":true,"href":"https:\/\/matthispralat.com\/index.php\/wp-json\/wp\/v2\/comments?post=69"}],"version-history":[{"count":1,"href":"https:\/\/matthispralat.com\/index.php\/wp-json\/wp\/v2\/pages\/69\/revisions"}],"predecessor-version":[{"id":70,"href":"https:\/\/matthispralat.com\/index.php\/wp-json\/wp\/v2\/pages\/69\/revisions\/70"}],"wp:attachment":[{"href":"https:\/\/matthispralat.com\/index.php\/wp-json\/wp\/v2\/media?parent=69"}],"curies":[{"name":"wp","href":"https:\/\/api.w.org\/{rel}","templated":true}]}}